{"id":402,"date":"2020-12-08T16:17:51","date_gmt":"2020-12-08T13:17:51","guid":{"rendered":"http:\/\/farmasoy.com\/en\/?page_id=402"},"modified":"2020-12-08T16:32:22","modified_gmt":"2020-12-08T13:32:22","slug":"kvkk","status":"publish","type":"page","link":"http:\/\/farmasoy.com\/index.php\/kvkk\/","title":{"rendered":"KVKK"},"content":{"rendered":"\t\t<div data-elementor-type=\"wp-page\" data-elementor-id=\"402\" class=\"elementor elementor-402\" data-elementor-post-type=\"page\">\n\t\t\t\t\t\t<section class=\"elementor-section elementor-top-section elementor-element elementor-element-35c1ba7d elementor-section-height-min-height elementor-section-items-stretch elementor-section-full_width elementor-section-height-default\" data-id=\"35c1ba7d\" data-element_type=\"section\" id=\"uppage\" data-settings=\"{&quot;background_background&quot;:&quot;classic&quot;}\">\n\t\t\t\t\t\t\t<div class=\"elementor-background-overlay\"><\/div>\n\t\t\t\t\t\t\t<div class=\"elementor-container elementor-column-gap-default\">\n\t\t\t\t\t<div class=\"elementor-column elementor-col-100 elementor-top-column elementor-element elementor-element-7ab3f27d\" data-id=\"7ab3f27d\" data-element_type=\"column\">\n\t\t\t<div class=\"elementor-widget-wrap elementor-element-populated\">\n\t\t\t\t\t\t<div class=\"elementor-element elementor-element-3e1d4440 elementor-widget elementor-widget-heading\" data-id=\"3e1d4440\" data-element_type=\"widget\" data-widget_type=\"heading.default\">\n\t\t\t\t<div class=\"elementor-widget-container\">\n\t\t\t<h2 class=\"elementor-heading-title elementor-size-default\">FARMASOY ECZA DEPOSU<\/h2>\t\t<\/div>\n\t\t\t\t<\/div>\n\t\t\t\t<div class=\"elementor-element elementor-element-1939b985 elementor-widget elementor-widget-heading\" data-id=\"1939b985\" data-element_type=\"widget\" data-widget_type=\"heading.default\">\n\t\t\t\t<div class=\"elementor-widget-container\">\n\t\t\t<h2 class=\"elementor-heading-title elementor-size-default\">K\u0130\u015e\u0130SEL VER\u0130LER\u0130N KORUNMASI HAKKINDA AYDINLATMA METN\u0130<\/h2>\t\t<\/div>\n\t\t\t\t<\/div>\n\t\t\t\t<div class=\"elementor-element elementor-element-404f48f5 elementor-widget elementor-widget-heading\" data-id=\"404f48f5\" data-element_type=\"widget\" data-widget_type=\"heading.default\">\n\t\t\t\t<div class=\"elementor-widget-container\">\n\t\t\t<h2 class=\"elementor-heading-title elementor-size-default\">- H\u0130ZMET VER\u0130LEN T\u00dcZEL K\u0130\u015e\u0130 TEMS\u0130LC\u0130LER\u0130 -<\/h2>\t\t<\/div>\n\t\t\t\t<\/div>\n\t\t\t\t<div class=\"elementor-element elementor-element-3d46dc69 elementor-widget elementor-widget-heading\" data-id=\"3d46dc69\" data-element_type=\"widget\" data-widget_type=\"heading.default\">\n\t\t\t\t<div class=\"elementor-widget-container\">\n\t\t\t<h2 class=\"elementor-heading-title elementor-size-default\">Bu ayd\u0131nlatma metni, 6698 say\u0131l\u0131 Ki\u015fisel Verilerin Korunmas\u0131 Kanununun 10. maddesi ile Ayd\u0131nlatma Y\u00fck\u00fcml\u00fcl\u00fc\u011f\u00fcn\u00fcn Yerine Getirilmesinde Uyulacak Usul ve Esaslar Hakk\u0131nda Tebli\u011f kapsam\u0131nda haz\u0131rlanm\u0131\u015ft\u0131r.<\/h2>\t\t<\/div>\n\t\t\t\t<\/div>\n\t\t\t\t<div class=\"elementor-element elementor-element-3817dd12 elementor-widget elementor-widget-heading\" data-id=\"3817dd12\" data-element_type=\"widget\" data-widget_type=\"heading.default\">\n\t\t\t\t<div class=\"elementor-widget-container\">\n\t\t\t<h2 class=\"elementor-heading-title elementor-size-default\">VER\u0130 SORUMLUSU: <\/h2>\t\t<\/div>\n\t\t\t\t<\/div>\n\t\t\t\t<div class=\"elementor-element elementor-element-32f0ff81 elementor-widget elementor-widget-heading\" data-id=\"32f0ff81\" data-element_type=\"widget\" data-widget_type=\"heading.default\">\n\t\t\t\t<div class=\"elementor-widget-container\">\n\t\t\t<h2 class=\"elementor-heading-title elementor-size-default\">Farmasoy Ecza Deposu ile ili\u015fkiniz kapsam\u0131nda, ki\u015fisel verileriniz y\u00f6n\u00fcnden veri sorumlusu, Mustafa Bu\u011fra Ersoy isimli ger\u00e7ek ki\u015fidir. <\/h2>\t\t<\/div>\n\t\t\t\t<\/div>\n\t\t\t\t<div class=\"elementor-element elementor-element-6e765a3b elementor-widget elementor-widget-heading\" data-id=\"6e765a3b\" data-element_type=\"widget\" data-widget_type=\"heading.default\">\n\t\t\t\t<div class=\"elementor-widget-container\">\n\t\t\t<h2 class=\"elementor-heading-title elementor-size-default\">K\u0130\u015e\u0130SEL VER\u0130LER\u0130N\u0130Z\u0130N \u0130\u015eLENME AMACI: <\/h2>\t\t<\/div>\n\t\t\t\t<\/div>\n\t\t\t\t<div class=\"elementor-element elementor-element-a575643 elementor-widget elementor-widget-heading\" data-id=\"a575643\" data-element_type=\"widget\" data-widget_type=\"heading.default\">\n\t\t\t\t<div class=\"elementor-widget-container\">\n\t\t\t<h2 class=\"elementor-heading-title elementor-size-default\">Hizmet Al\u0131nan\/Verilen T\u00fczel Ki\u015filerin Temsilcileri y\u00f6n\u00fcnden: <\/h2>\t\t<\/div>\n\t\t\t\t<\/div>\n\t\t\t\t<div class=\"elementor-element elementor-element-6a08e914 elementor-widget elementor-widget-heading\" data-id=\"6a08e914\" data-element_type=\"widget\" data-widget_type=\"heading.default\">\n\t\t\t\t<div class=\"elementor-widget-container\">\n\t\t\t<h2 class=\"elementor-heading-title elementor-size-default\">Ad-soyad, telefon numaras\u0131 ve e-posta adresinden ibaret ki\u015fisel verileriniz; \n<\/br>\n-\t\u0130leti\u015fim faaliyetlerin ger\u00e7ekle\u015ftirilmesi,\n<\/br>\n-\tS\u00f6zle\u015fmeden do\u011fan y\u00fck\u00fcml\u00fcl\u00fcklerin yerine getirilmesi,\n<\/br>\n-\t\u00dcr\u00fcn teslimatlar\u0131n\u0131n ger\u00e7ekle\u015ftirilmesi,\nama\u00e7lar\u0131yla s\u0131n\u0131rl\u0131 olarak i\u015flenmektedir.\n<\/h2>\t\t<\/div>\n\t\t\t\t<\/div>\n\t\t\t\t<div class=\"elementor-element elementor-element-d865d15 elementor-widget elementor-widget-heading\" data-id=\"d865d15\" data-element_type=\"widget\" data-widget_type=\"heading.default\">\n\t\t\t\t<div class=\"elementor-widget-container\">\n\t\t\t<h2 class=\"elementor-heading-title elementor-size-default\">K\u0130\u015e\u0130SEL VER\u0130LER\u0130N\u0130Z\u0130N AKTARILMASI: <\/h2>\t\t<\/div>\n\t\t\t\t<\/div>\n\t\t\t\t<div class=\"elementor-element elementor-element-4fff8c2f elementor-widget elementor-widget-heading\" data-id=\"4fff8c2f\" data-element_type=\"widget\" data-widget_type=\"heading.default\">\n\t\t\t\t<div class=\"elementor-widget-container\">\n\t\t\t<h2 class=\"elementor-heading-title elementor-size-default\">Ki\u015fisel verileriniz, \u015firketimiz taraf\u0131ndan, gerekli oldu\u011fu \u00f6l\u00e7\u00fcde;\n<\/br>\n-\t\u00dcr\u00fcn teslimat\u0131n\u0131n ger\u00e7ekle\u015fmesi i\u00e7in nakliyeyi ger\u00e7ekle\u015ftiren ki\u015fi veya firmaya,\n<\/br>\n-\t\u015eirketimizin mali y\u00fck\u00fcml\u00fcl\u00fckleri gere\u011fi mali m\u00fc\u015favirlerimize,\n<\/br> \n-\tHukuki uyu\u015fmazl\u0131k do\u011fmas\u0131 halinde uyu\u015fmazl\u0131kta kullan\u0131lmak \u00fczere hukuk m\u00fc\u015favirlerimize,\n<\/br>\n-\tAdli veya idari makamlarca talep edilmesi halinde ilgili makamlara\naktar\u0131lmaktad\u0131r. Ki\u015fisel verileriniz, \u015firketimiz taraf\u0131ndan yurtd\u0131\u015f\u0131na aktar\u0131lmamaktad\u0131r. \n<\/h2>\t\t<\/div>\n\t\t\t\t<\/div>\n\t\t\t\t<div class=\"elementor-element elementor-element-2f9551a0 elementor-widget elementor-widget-heading\" data-id=\"2f9551a0\" data-element_type=\"widget\" data-widget_type=\"heading.default\">\n\t\t\t\t<div class=\"elementor-widget-container\">\n\t\t\t<h2 class=\"elementor-heading-title elementor-size-default\">VER\u0130 TOPLAMA Y\u00d6NTEM\u0130 VE HUKUK\u0130 SEBEB\u0130: <\/h2>\t\t<\/div>\n\t\t\t\t<\/div>\n\t\t\t\t<div class=\"elementor-element elementor-element-7d451128 elementor-widget elementor-widget-heading\" data-id=\"7d451128\" data-element_type=\"widget\" data-widget_type=\"heading.default\">\n\t\t\t\t<div class=\"elementor-widget-container\">\n\t\t\t<h2 class=\"elementor-heading-title elementor-size-default\">Ki\u015fisel verileriniz, taraf\u0131n\u0131zca e-posta iletisi g\u00f6nderilmesi veya telefon g\u00f6r\u00fc\u015fmesi yap\u0131lmas\u0131 yoluyla yaz\u0131l\u0131 ya da s\u00f6zl\u00fc olarak elde edilmektedir. \u015eirketimizce elde edilen ki\u015fisel verileriniz, 6698 say\u0131l\u0131 Ki\u015fisel Verilerin Korunmas\u0131 Kanunu\u2019nun 5. maddesi kapsam\u0131nda; bir s\u00f6zle\u015fmenin kurulmas\u0131 veya ifas\u0131yla do\u011frudan do\u011fruya ilgili olmas\u0131 kayd\u0131yla, s\u00f6zle\u015fmenin taraflar\u0131na ait ki\u015fisel verilerin i\u015flenmesinin gerekli olmas\u0131 ve veri sorumlusunun hukuki y\u00fck\u00fcml\u00fcl\u00fc\u011f\u00fcn\u00fc yerine getirebilmesi i\u00e7in zorunlu olmas\u0131 hukuki sebeplerine dayan\u0131larak i\u015flenmektedir. <\/h2>\t\t<\/div>\n\t\t\t\t<\/div>\n\t\t\t\t<div class=\"elementor-element elementor-element-12b8df7c elementor-widget elementor-widget-heading\" data-id=\"12b8df7c\" data-element_type=\"widget\" data-widget_type=\"heading.default\">\n\t\t\t\t<div class=\"elementor-widget-container\">\n\t\t\t<h2 class=\"elementor-heading-title elementor-size-default\">HAKLARINIZ: <\/h2>\t\t<\/div>\n\t\t\t\t<\/div>\n\t\t\t\t<div class=\"elementor-element elementor-element-7935b876 elementor-widget elementor-widget-heading\" data-id=\"7935b876\" data-element_type=\"widget\" data-widget_type=\"heading.default\">\n\t\t\t\t<div class=\"elementor-widget-container\">\n\t\t\t<h2 class=\"elementor-heading-title elementor-size-default\">6698 say\u0131l\u0131 Ki\u015fisel Verileri Koruma Kanunu\u2019nun, \u201cilgili ki\u015finin haklar\u0131\u201d ba\u015fl\u0131kl\u0131 11. Maddesi kapsam\u0131ndaki taleplerinizi, \u201cVeri Sorumlusuna Ba\u015fvuru Usul ve Esaslar\u0131 Hakk\u0131nda Tebli\u011f\u201d uyar\u0131nca  Farmasoy Ecza Deposu\u2019na ait  \u0130lkbahar Mahallesi, Medine M\u00fcdafii Cd No:41, 06550 \u00c7ankaya\/Ankara adresine yaz\u0131l\u0131 olarak, info@farmasoy.com adresine e-posta yoluyla, 0312 311 00 29 numaral\u0131 telefonu arayarak ya da www.farmasoy.com adresinden \u201cbize ula\u015f\u0131n\u201d k\u0131sm\u0131n\u0131 kullanmak suretiyle yaz\u0131l\u0131 veya s\u00f6zl\u00fc olarak iletebilirsiniz. Taleplerinize sa\u011fl\u0131kl\u0131 yan\u0131t verilebilmesi a\u00e7\u0131s\u0131ndan, talep i\u00e7eri\u011finin a\u00e7\u0131k, anla\u015f\u0131l\u0131r ve m\u00fcmk\u00fcnse tarih y\u00f6n\u00fcnden belirli olarak iletilmesi \u00f6nerilmektedir.<\/h2>\t\t<\/div>\n\t\t\t\t<\/div>\n\t\t\t\t\t<\/div>\n\t\t<\/div>\n\t\t\t\t\t<\/div>\n\t\t<\/section>\n\t\t\t\t<\/div>\n\t\t","protected":false},"excerpt":{"rendered":"","protected":false},"author":1,"featured_media":0,"parent":0,"menu_order":0,"comment_status":"closed","ping_status":"closed","template":"elementor_header_footer","meta":{"footnotes":""},"class_list":["post-402","page","type-page","status-publish","hentry"],"yoast_head":"<!-- This site is optimized with the Yoast SEO plugin v23.4 - https:\/\/yoast.com\/wordpress\/plugins\/seo\/ -->\n<title>KVKK | Farmasoy Ecza Deposu<\/title>\n<meta name=\"robots\" content=\"index, follow, max-snippet:-1, max-image-preview:large, max-video-preview:-1\" \/>\n<link rel=\"canonical\" href=\"http:\/\/farmasoy.com\/index.php\/kvkk\/\" \/>\n<meta property=\"og:locale\" content=\"tr_TR\" \/>\n<meta property=\"og:locale:alternate\" content=\"en_US\" \/>\n<meta property=\"og:type\" content=\"article\" \/>\n<meta property=\"og:title\" content=\"KVKK\" \/>\n<meta property=\"og:url\" content=\"http:\/\/farmasoy.com\/index.php\/kvkk\/\" \/>\n<meta property=\"og:site_name\" content=\"Farmasoy Ecza Deposu\" \/>\n<meta property=\"article:modified_time\" content=\"2020-12-08T13:32:22+00:00\" \/>\n<meta name=\"twitter:card\" content=\"summary_large_image\" \/>\n<meta name=\"twitter:label1\" content=\"Tahmini okuma s\u00fcresi\" \/>\n\t<meta name=\"twitter:data1\" content=\"2 dakika\" \/>\n<script type=\"application\/ld+json\" class=\"yoast-schema-graph\">{\"@context\":\"https:\/\/schema.org\",\"@graph\":[{\"@type\":\"WebPage\",\"@id\":\"http:\/\/farmasoy.com\/index.php\/kvkk\/\",\"url\":\"http:\/\/farmasoy.com\/index.php\/kvkk\/\",\"name\":\"KVKK\",\"isPartOf\":{\"@id\":\"http:\/\/farmasoy.com\/#website\"},\"datePublished\":\"2020-12-08T13:17:51+00:00\",\"dateModified\":\"2020-12-08T13:32:22+00:00\",\"breadcrumb\":{\"@id\":\"http:\/\/farmasoy.com\/index.php\/kvkk\/#breadcrumb\"},\"inLanguage\":\"tr-TR\",\"potentialAction\":[{\"@type\":\"ReadAction\",\"target\":[\"http:\/\/farmasoy.com\/index.php\/kvkk\/\"]}]},{\"@type\":\"BreadcrumbList\",\"@id\":\"http:\/\/farmasoy.com\/index.php\/kvkk\/#breadcrumb\",\"itemListElement\":[{\"@type\":\"ListItem\",\"position\":1,\"name\":\"Ana sayfa\",\"item\":\"http:\/\/farmasoy.com\/\"},{\"@type\":\"ListItem\",\"position\":2,\"name\":\"KVKK\"}]},{\"@type\":\"WebSite\",\"@id\":\"http:\/\/farmasoy.com\/#website\",\"url\":\"http:\/\/farmasoy.com\/\",\"name\":\"Farmasoy Ecza Deposu\",\"description\":\"\",\"publisher\":{\"@id\":\"http:\/\/farmasoy.com\/#organization\"},\"potentialAction\":[{\"@type\":\"SearchAction\",\"target\":{\"@type\":\"EntryPoint\",\"urlTemplate\":\"http:\/\/farmasoy.com\/?s={search_term_string}\"},\"query-input\":{\"@type\":\"PropertyValueSpecification\",\"valueRequired\":true,\"valueName\":\"search_term_string\"}}],\"inLanguage\":\"tr-TR\"},{\"@type\":\"Organization\",\"@id\":\"http:\/\/farmasoy.com\/#organization\",\"name\":\"Farmasoy Ecza Deposu\",\"url\":\"http:\/\/farmasoy.com\/\",\"logo\":{\"@type\":\"ImageObject\",\"inLanguage\":\"tr-TR\",\"@id\":\"http:\/\/farmasoy.com\/#\/schema\/logo\/image\/\",\"url\":\"https:\/\/farmasoy.com\/wp-content\/uploads\/2019\/04\/farmasoylogo50.png\",\"contentUrl\":\"https:\/\/farmasoy.com\/wp-content\/uploads\/2019\/04\/farmasoylogo50.png\",\"width\":678,\"height\":183,\"caption\":\"Farmasoy Ecza Deposu\"},\"image\":{\"@id\":\"http:\/\/farmasoy.com\/#\/schema\/logo\/image\/\"}}]}<\/script>\n<!-- \/ Yoast SEO plugin. -->","yoast_head_json":{"title":"KVKK | Farmasoy Ecza Deposu","robots":{"index":"index","follow":"follow","max-snippet":"max-snippet:-1","max-image-preview":"max-image-preview:large","max-video-preview":"max-video-preview:-1"},"canonical":"http:\/\/farmasoy.com\/index.php\/kvkk\/","og_locale":"tr_TR","og_type":"article","og_title":"[:en]KVKK[:tr]KVKK[:] | Farmasoy Ecza Deposu","og_url":"http:\/\/farmasoy.com\/index.php\/kvkk\/","og_site_name":"Farmasoy Ecza Deposu","article_modified_time":"2020-12-08T13:32:22+00:00","twitter_card":"summary_large_image","twitter_misc":{"Tahmini okuma s\u00fcresi":"2 dakika"},"schema":{"@context":"https:\/\/schema.org","@graph":[{"@type":"WebPage","@id":"http:\/\/farmasoy.com\/index.php\/kvkk\/","url":"http:\/\/farmasoy.com\/index.php\/kvkk\/","name":"KVKK","isPartOf":{"@id":"http:\/\/farmasoy.com\/#website"},"datePublished":"2020-12-08T13:17:51+00:00","dateModified":"2020-12-08T13:32:22+00:00","breadcrumb":{"@id":"http:\/\/farmasoy.com\/index.php\/kvkk\/#breadcrumb"},"inLanguage":"tr-TR","potentialAction":[{"@type":"ReadAction","target":["http:\/\/farmasoy.com\/index.php\/kvkk\/"]}]},{"@type":"BreadcrumbList","@id":"http:\/\/farmasoy.com\/index.php\/kvkk\/#breadcrumb","itemListElement":[{"@type":"ListItem","position":1,"name":"Ana sayfa","item":"http:\/\/farmasoy.com\/"},{"@type":"ListItem","position":2,"name":"KVKK"}]},{"@type":"WebSite","@id":"http:\/\/farmasoy.com\/#website","url":"http:\/\/farmasoy.com\/","name":"Farmasoy Ecza Deposu","description":"","publisher":{"@id":"http:\/\/farmasoy.com\/#organization"},"potentialAction":[{"@type":"SearchAction","target":{"@type":"EntryPoint","urlTemplate":"http:\/\/farmasoy.com\/?s={search_term_string}"},"query-input":{"@type":"PropertyValueSpecification","valueRequired":true,"valueName":"search_term_string"}}],"inLanguage":"tr-TR"},{"@type":"Organization","@id":"http:\/\/farmasoy.com\/#organization","name":"Farmasoy Ecza Deposu","url":"http:\/\/farmasoy.com\/","logo":{"@type":"ImageObject","inLanguage":"tr-TR","@id":"http:\/\/farmasoy.com\/#\/schema\/logo\/image\/","url":"https:\/\/farmasoy.com\/wp-content\/uploads\/2019\/04\/farmasoylogo50.png","contentUrl":"https:\/\/farmasoy.com\/wp-content\/uploads\/2019\/04\/farmasoylogo50.png","width":678,"height":183,"caption":"Farmasoy Ecza Deposu"},"image":{"@id":"http:\/\/farmasoy.com\/#\/schema\/logo\/image\/"}}]}},"_links":{"self":[{"href":"http:\/\/farmasoy.com\/index.php\/wp-json\/wp\/v2\/pages\/402"}],"collection":[{"href":"http:\/\/farmasoy.com\/index.php\/wp-json\/wp\/v2\/pages"}],"about":[{"href":"http:\/\/farmasoy.com\/index.php\/wp-json\/wp\/v2\/types\/page"}],"author":[{"embeddable":true,"href":"http:\/\/farmasoy.com\/index.php\/wp-json\/wp\/v2\/users\/1"}],"replies":[{"embeddable":true,"href":"http:\/\/farmasoy.com\/index.php\/wp-json\/wp\/v2\/comments?post=402"}],"version-history":[{"count":0,"href":"http:\/\/farmasoy.com\/index.php\/wp-json\/wp\/v2\/pages\/402\/revisions"}],"wp:attachment":[{"href":"http:\/\/farmasoy.com\/index.php\/wp-json\/wp\/v2\/media?parent=402"}],"curies":[{"name":"wp","href":"https:\/\/api.w.org\/{rel}","templated":true}]}}